{"id":1257,"date":"2016-05-13T16:37:21","date_gmt":"2016-05-13T13:37:21","guid":{"rendered":"http:\/\/berkelektronik.net\/en\/fanuc\/"},"modified":"2021-06-01T14:27:11","modified_gmt":"2021-06-01T11:27:11","slug":"fanuc","status":"publish","type":"page","link":"http:\/\/berkelektronik.net\/en\/fanuc\/","title":{"rendered":"FANUC"},"content":{"rendered":"<div class=\"flex_column av_one_full  flex_column_div first  \" ><p><div style='padding-bottom:10px;' class='av-special-heading av-special-heading-h3     '><h3 class='av-special-heading-tag '  itemprop=\"headline\"  >Fanuc Tamir Servisi, Fanuc Onar\u0131mlar\u0131<\/h3><div class='special-heading-border'><div class='special-heading-inner-border' ><\/div><\/div><\/div><br \/>\n<section class=\"av_textblock_section \"  itemscope=\"itemscope\" itemtype=\"https:\/\/schema.org\/CreativeWork\" ><div class='avia_textblock  '   itemprop=\"text\" ><p align=\"justify\">Berk Elektronik olarak, Fanuc Servo S\u00fcr\u00fcc\u00fc, Servo Motor, Enkoder AC,DC, Spindle S\u00fcr\u00fcc\u00fcleri, Power Supply, Monit\u00f6r, PCBs ve I\/O \u00fcnitelerinin bak\u0131m ve tamiri konular\u0131nda hizmet vermekteyiz.<\/p>\n<p>T\u00fcm Fanuc onar\u0131mlar\u0131, konusunda uzman ekibimiz taraf\u0131ndan en g\u00fcncel teknolojik imkanlar kullan\u0131larak en \u00fcst d\u00fczeyde bak\u0131m ve onar\u0131m prensibi ile ger\u00e7ekle\u015ftirilmektedir.<\/p>\n<p>T\u00fcm Fanuc tamiratlar\u0131nda Berk Elektronik\u2019e g\u00fcvenebilirsiniz. Berk Elektronik b\u00fcnyesinde, Fanuc tamiratlar\u0131 konusunda uzman bir ekip, son teknoloji test cihazlar\u0131 ve Fanuc yedek par\u00e7alar\u0131 bulunmaktad\u0131r. Fanuc tamiratlar\u0131nda kulland\u0131\u011f\u0131m\u0131z yedek par\u00e7alar\u0131n hepsi orijinal Fanuc \u00fcr\u00fcn\u00fcd\u00fcr.<\/p>\n<p>Tamirat\u0131 yap\u0131lan \u00fcr\u00fcnler, b\u00fcnyemizde bulunan test sim\u00fclat\u00f6r\u00fcnde testleri yap\u0131larak \u00e7al\u0131\u015f\u0131r halde teslim edilmektedir.<\/p>\n<p>Ger\u00e7ekle\u015ftirdi\u011fimiz t\u00fcm tamirler 6 ay garantilidir.<\/p>\n<\/div><\/section><\/p><\/div><div class=\"flex_column av_one_fourth  flex_column_div first  \" ><section class=\"av_textblock_section \"  itemscope=\"itemscope\" itemtype=\"https:\/\/schema.org\/CreativeWork\" ><div class='avia_textblock  '   itemprop=\"text\" ><p><span class=\"av_font_icon avia_animate_when_visible  av-icon-style-  av-no-color avia-icon-pos-left \" style=\"\"><span class='av-icon-char' style='font-size:20px;line-height:20px;' aria-hidden='true' data-av_icon='\ue879' data-av_iconfont='entypo-fontello' ><\/span><\/span><a href=\"http:\/\/berkelektronik.net\/fanuc\/drives\/\">Fanuc Drives<\/a><\/p>\n<p><span class=\"av_font_icon avia_animate_when_visible  av-icon-style-  av-no-color avia-icon-pos-left \" style=\"\"><span class='av-icon-char' style='font-size:20px;line-height:20px;' aria-hidden='true' data-av_icon='\ue879' data-av_iconfont='entypo-fontello' ><\/span><\/span><a href=\"http:\/\/berkelektronik.net\/fanuc\/fanuc-power-supply\/\">Fanuc Power Supply<\/a><\/p>\n<p><span class=\"av_font_icon avia_animate_when_visible  av-icon-style-  av-no-color avia-icon-pos-left \" style=\"\"><span class='av-icon-char' style='font-size:20px;line-height:20px;' aria-hidden='true' data-av_icon='\ue879' data-av_iconfont='entypo-fontello' ><\/span><\/span><a href=\"http:\/\/berkelektronik.net\/fanuc\/fanuc-crt-lcd-monitor\/\">Fanuc CRT TO LCD<\/a><\/p>\n<p><span class=\"av_font_icon avia_animate_when_visible  av-icon-style-  av-no-color avia-icon-pos-left \" style=\"\"><span class='av-icon-char' style='font-size:20px;line-height:20px;' aria-hidden='true' data-av_icon='\ue879' data-av_iconfont='entypo-fontello' ><\/span><\/span><a href=\"http:\/\/berkelektronik.net\/fanuc-sensor\/\">Fanuc Sensor<\/a><\/p>\n<p><span class=\"av_font_icon avia_animate_when_visible  av-icon-style-  av-no-color avia-icon-pos-left \" style=\"\"><span class='av-icon-char' style='font-size:20px;line-height:20px;' aria-hidden='true' data-av_icon='\ue879' data-av_iconfont='entypo-fontello' ><\/span><\/span><a href=\"http:\/\/berkelektronik.net\/fanuc\/fanuc-boards\/\">Fanuc Boards<\/a><\/p>\n<p><span class=\"av_font_icon avia_animate_when_visible  av-icon-style-  av-no-color avia-icon-pos-left \" style=\"\"><span class='av-icon-char' style='font-size:20px;line-height:20px;' aria-hidden='true' data-av_icon='\ue879' data-av_iconfont='entypo-fontello' ><\/span><\/span><a href=\"http:\/\/berkelektronik.net\/fanuc\/fanuc-monitor\/\">Fanuc Monitors<\/a><\/p>\n<p><span class=\"av_font_icon avia_animate_when_visible  av-icon-style-  av-no-color avia-icon-pos-left \" style=\"\"><span class='av-icon-char' style='font-size:20px;line-height:20px;' aria-hidden='true' data-av_icon='\ue879' data-av_iconfont='entypo-fontello' ><\/span><\/span><a href=\"http:\/\/berkelektronik.net\/fanuc\/fanuc-21\/\">Fanuc 21\u00a0Kontrol<\/a><\/p>\n<\/div><\/section><\/div><\/p>\n<div class=\"flex_column av_one_fourth  flex_column_div av-zero-column-padding   \" style='border-radius:0px; '><section class=\"av_textblock_section \"  itemscope=\"itemscope\" itemtype=\"https:\/\/schema.org\/CreativeWork\" ><div class='avia_textblock  '   itemprop=\"text\" ><p><span class=\"av_font_icon avia_animate_when_visible  av-icon-style-  av-no-color avia-icon-pos-left \" style=\"\"><span class='av-icon-char' style='font-size:20px;line-height:20px;' aria-hidden='true' data-av_icon='\ue879' data-av_iconfont='entypo-fontello' ><\/span><\/span><a href=\"http:\/\/berkelektronik.net\/fanuc\/fanuc-master-boards\/\">Fanuc Master Board<\/a><\/p>\n<p><span class=\"av_font_icon avia_animate_when_visible  av-icon-style-  av-no-color avia-icon-pos-left \" style=\"\"><span class='av-icon-char' style='font-size:20px;line-height:20px;' aria-hidden='true' data-av_icon='\ue879' data-av_iconfont='entypo-fontello' ><\/span><\/span><a href=\"http:\/\/berkelektronik.net\/fanuc\/fanuc-mdi-panels\/\">Fanuc MDI CRT Panel<\/a><\/p>\n<p><span class=\"av_font_icon avia_animate_when_visible  av-icon-style-  av-no-color avia-icon-pos-left \" style=\"\"><span class='av-icon-char' style='font-size:20px;line-height:20px;' aria-hidden='true' data-av_icon='\ue879' data-av_iconfont='entypo-fontello' ><\/span><\/span><a href=\"http:\/\/berkelektronik.net\/fanuc\/fanuc-graphic-boards\/\">Fanuc Graphic Boards<\/a><\/p>\n<p><span class=\"av_font_icon avia_animate_when_visible  av-icon-style-  av-no-color avia-icon-pos-left \" style=\"\"><span class='av-icon-char' style='font-size:20px;line-height:20px;' aria-hidden='true' data-av_icon='\ue879' data-av_iconfont='entypo-fontello' ><\/span><\/span><a href=\"http:\/\/berkelektronik.net\/fanuc\/fanuc-10t\/\">Fanuc 10\u00a0Kontrol<\/a><\/p>\n<p><span class=\"av_font_icon avia_animate_when_visible  av-icon-style-  av-no-color avia-icon-pos-left \" style=\"\"><span class='av-icon-char' style='font-size:20px;line-height:20px;' aria-hidden='true' data-av_icon='\ue879' data-av_iconfont='entypo-fontello' ><\/span><\/span><a href=\"http:\/\/berkelektronik.net\/fanuc\/fanuc-11\/\">Fanuc 11\u00a0Kontrol<\/a><\/p>\n<p><span class=\"av_font_icon avia_animate_when_visible  av-icon-style-  av-no-color avia-icon-pos-left \" style=\"\"><span class='av-icon-char' style='font-size:20px;line-height:20px;' aria-hidden='true' data-av_icon='\ue879' data-av_iconfont='entypo-fontello' ><\/span><\/span>Fanuc Keysheets<\/p>\n<p><span class=\"av_font_icon avia_animate_when_visible  av-icon-style-  av-no-color avia-icon-pos-left \" style=\"\"><span class='av-icon-char' style='font-size:20px;line-height:20px;' aria-hidden='true' data-av_icon='\ue879' data-av_iconfont='entypo-fontello' ><\/span><\/span>Fanuc 15\u00a0Kontrol<\/p>\n<\/div><\/section><\/div>\n<div class=\"flex_column av_one_fourth  flex_column_div av-zero-column-padding   \" style='border-radius:0px; '><section class=\"av_textblock_section \"  itemscope=\"itemscope\" itemtype=\"https:\/\/schema.org\/CreativeWork\" ><div class='avia_textblock  '   itemprop=\"text\" ><p><span class=\"av_font_icon avia_animate_when_visible  av-icon-style-  av-no-color avia-icon-pos-left \" style=\"\"><span class='av-icon-char' style='font-size:20px;line-height:20px;' aria-hidden='true' data-av_icon='\ue879' data-av_iconfont='entypo-fontello' ><\/span><\/span>Fanuc A03B Modules<\/p>\n<p><span class=\"av_font_icon avia_animate_when_visible  av-icon-style-  av-no-color avia-icon-pos-left \" style=\"\"><span class='av-icon-char' style='font-size:20px;line-height:20px;' aria-hidden='true' data-av_icon='\ue879' data-av_iconfont='entypo-fontello' ><\/span><\/span>Fanuc Zero A,B,C,D<\/p>\n<p><span class=\"av_font_icon avia_animate_when_visible  av-icon-style-  av-no-color avia-icon-pos-left \" style=\"\"><span class='av-icon-char' style='font-size:20px;line-height:20px;' aria-hidden='true' data-av_icon='\ue879' data-av_iconfont='entypo-fontello' ><\/span><\/span>Servo Drive Card<\/p>\n<p><span class=\"av_font_icon avia_animate_when_visible  av-icon-style-  av-no-color avia-icon-pos-left \" style=\"\"><span class='av-icon-char' style='font-size:20px;line-height:20px;' aria-hidden='true' data-av_icon='\ue879' data-av_iconfont='entypo-fontello' ><\/span><\/span>Spindle Drive PCB<\/p>\n<p><span class=\"av_font_icon avia_animate_when_visible  av-icon-style-  av-no-color avia-icon-pos-left \" style=\"\"><span class='av-icon-char' style='font-size:20px;line-height:20px;' aria-hidden='true' data-av_icon='\ue879' data-av_iconfont='entypo-fontello' ><\/span><\/span>Fanuc Encoders<\/p>\n<p><span class=\"av_font_icon avia_animate_when_visible  av-icon-style-  av-no-color avia-icon-pos-left \" style=\"\"><span class='av-icon-char' style='font-size:20px;line-height:20px;' aria-hidden='true' data-av_icon='\ue879' data-av_iconfont='entypo-fontello' ><\/span><\/span>Orientation Board<\/p>\n<p><span class=\"av_font_icon avia_animate_when_visible  av-icon-style-  av-no-color avia-icon-pos-left \" style=\"\"><span class='av-icon-char' style='font-size:20px;line-height:20px;' aria-hidden='true' data-av_icon='\ue879' data-av_iconfont='entypo-fontello' ><\/span><\/span><a href=\"http:\/\/berkelektronik.net\/fanuc\/fanuc-memory-boards\/\">GE Fanuc Memory<\/a><\/p>\n<\/div><\/section><\/div>\n<div class=\"flex_column av_one_fourth  flex_column_div av-zero-column-padding   \" style='border-radius:0px; '><section class=\"av_textblock_section \"  itemscope=\"itemscope\" itemtype=\"https:\/\/schema.org\/CreativeWork\" ><div class='avia_textblock  '   itemprop=\"text\" ><p><span class=\"av_font_icon avia_animate_when_visible  av-icon-style-  av-no-color avia-icon-pos-left \" style=\"\"><span class='av-icon-char' style='font-size:20px;line-height:20px;' aria-hidden='true' data-av_icon='\ue879' data-av_iconfont='entypo-fontello' ><\/span><\/span><a href=\"http:\/\/berkelektronik.net\/fanuc\/fanuc-servo-motor\/\">Fanuc Servo Motor<\/a><\/p>\n<p><span class=\"av_font_icon avia_animate_when_visible  av-icon-style-  av-no-color avia-icon-pos-left \" style=\"\"><span class='av-icon-char' style='font-size:20px;line-height:20px;' aria-hidden='true' data-av_icon='\ue879' data-av_iconfont='entypo-fontello' ><\/span><\/span>Transistor Modules<\/p>\n<p><span class=\"av_font_icon avia_animate_when_visible  av-icon-style-  av-no-color avia-icon-pos-left \" style=\"\"><span class='av-icon-char' style='font-size:20px;line-height:20px;' aria-hidden='true' data-av_icon='\ue879' data-av_iconfont='entypo-fontello' ><\/span><\/span>Fanuc Alpha Servo<\/p>\n<p><span class=\"av_font_icon avia_animate_when_visible  av-icon-style-  av-no-color avia-icon-pos-left \" style=\"\"><span class='av-icon-char' style='font-size:20px;line-height:20px;' aria-hidden='true' data-av_icon='\ue879' data-av_iconfont='entypo-fontello' ><\/span><\/span>Fanuc DC Motor<\/p>\n<p><span class=\"av_font_icon avia_animate_when_visible  av-icon-style-  av-no-color avia-icon-pos-left \" style=\"\"><span class='av-icon-char' style='font-size:20px;line-height:20px;' aria-hidden='true' data-av_icon='\ue879' data-av_iconfont='entypo-fontello' ><\/span><\/span>Fanuc Beta Motors<\/p>\n<p><span class=\"av_font_icon avia_animate_when_visible  av-icon-style-  av-no-color avia-icon-pos-left \" style=\"\"><span class='av-icon-char' style='font-size:20px;line-height:20px;' aria-hidden='true' data-av_icon='\ue879' data-av_iconfont='entypo-fontello' ><\/span><\/span>S Series Motors<\/p>\n<\/div><\/section><\/div>\n<\/div><\/div><\/div><!-- close content main div --><\/div><\/div><div id='av_section_1' class='avia-section main_color avia-section-default avia-no-shadow avia-bg-style-scroll   av-minimum-height av-minimum-height-custom container_wrap sidebar_right' style = 'background-color: #fed10d; '  ><div class='container' style='height:70px'><div class='template-page content  av-content-small alpha units'><div class='post-entry post-entry-type-page post-entry-1257'><div class='entry-content-wrapper clearfix'>\n<div style='padding-bottom:10px;' class='av-special-heading av-special-heading-h5     '><h5 class='av-special-heading-tag '  itemprop=\"headline\"  >Berk Elektronik Ltd. \u015eti. I Kart Tamir Merkezi<\/h5><div class='special-heading-border'><div class='special-heading-inner-border' ><\/div><\/div><\/div>\n<\/div><\/div><\/div><!-- close content main div --><\/div><\/div><div id='after_section_1' class='main_color av_default_container_wrap container_wrap sidebar_right'   ><div class='container' ><div class='template-page content  av-content-small alpha units'><div class='post-entry post-entry-type-page post-entry-1257'><div class='entry-content-wrapper clearfix'>\n","protected":false},"excerpt":{"rendered":"","protected":false},"author":1,"featured_media":0,"parent":0,"menu_order":0,"comment_status":"open","ping_status":"open","template":"","meta":[],"_links":{"self":[{"href":"http:\/\/berkelektronik.net\/en\/wp-json\/wp\/v2\/pages\/1257"}],"collection":[{"href":"http:\/\/berkelektronik.net\/en\/wp-json\/wp\/v2\/pages"}],"about":[{"href":"http:\/\/berkelektronik.net\/en\/wp-json\/wp\/v2\/types\/page"}],"author":[{"embeddable":true,"href":"http:\/\/berkelektronik.net\/en\/wp-json\/wp\/v2\/users\/1"}],"replies":[{"embeddable":true,"href":"http:\/\/berkelektronik.net\/en\/wp-json\/wp\/v2\/comments?post=1257"}],"version-history":[{"count":14,"href":"http:\/\/berkelektronik.net\/en\/wp-json\/wp\/v2\/pages\/1257\/revisions"}],"predecessor-version":[{"id":2321,"href":"http:\/\/berkelektronik.net\/en\/wp-json\/wp\/v2\/pages\/1257\/revisions\/2321"}],"wp:attachment":[{"href":"http:\/\/berkelektronik.net\/en\/wp-json\/wp\/v2\/media?parent=1257"}],"curies":[{"name":"wp","href":"https:\/\/api.w.org\/{rel}","templated":true}]}}