{"id":1232,"date":"2016-05-25T19:25:18","date_gmt":"2016-05-25T16:25:18","guid":{"rendered":"http:\/\/berkelektronik.net\/en\/crt-lcd-monitore-donusturme\/"},"modified":"2016-11-17T10:51:44","modified_gmt":"2016-11-17T08:51:44","slug":"crt-lcd-monitore-donusturme","status":"publish","type":"page","link":"http:\/\/berkelektronik.net\/en\/crt-lcd-monitore-donusturme\/","title":{"rendered":"CRT-LCD MONITOR CONVERSION"},"content":{"rendered":"<div class=\"flex_column av_one_full  flex_column_div first  \" ><p><div style='padding-bottom:10px;' class='av-special-heading av-special-heading-h3     '><h3 class='av-special-heading-tag '  itemprop=\"headline\"  >LCD Monitor with RGB Input<\/h3><div class='special-heading-border'><div class='special-heading-inner-border' ><\/div><\/div><\/div><br \/>\n<section class=\"av_textblock_section \"  itemscope=\"itemscope\" itemtype=\"https:\/\/schema.org\/CreativeWork\" ><div class='avia_textblock  '   itemprop=\"text\" ><p>As Berk Electronic, we are converting CRT monitors to LCD monitors.<br \/>\n<a href=\"http:\/\/berkelektronik.net\/wp-content\/uploads\/2016\/05\/crt-lcd.jpg\"><img decoding=\"async\" loading=\"lazy\" class=\"alignright  wp-image-1234\" src=\"http:\/\/berkelektronik.net\/wp-content\/uploads\/2016\/05\/crt-lcd.jpg\" alt=\"crt-lcd\" width=\"392\" height=\"223\" srcset=\"http:\/\/berkelektronik.net\/wp-content\/uploads\/2016\/05\/crt-lcd.jpg 634w, http:\/\/berkelektronik.net\/wp-content\/uploads\/2016\/05\/crt-lcd-300x171.jpg 300w, http:\/\/berkelektronik.net\/wp-content\/uploads\/2016\/05\/crt-lcd-450x256.jpg 450w\" sizes=\"(max-width: 392px) 100vw, 392px\" \/><\/a><\/p>\n<p>You can easily replace broken or defective industrial RGB input CRT monitors. CHARMILLES EDM &amp; TEL-CUT CRT monitors, Sodick EDM and Wire-cut CRT screens, INJECTION MACHINES, CNC MACHINERY, PRINTING MACHINES, PRIVATE PURPOSE MACHINE CRT screens, and almost all commercial \/ It&#8217;s so easy now.<\/p>\n<\/div><\/section><br \/>\n<section class=\"av_textblock_section \"  itemscope=\"itemscope\" itemtype=\"https:\/\/schema.org\/CreativeWork\" ><div class='avia_textblock  '   itemprop=\"text\" ><p><strong>Product Features<\/strong><\/p>\n<p>\u2022 Wide application range for use in Industrial Machinery<br \/>\n\u2022 Lightweight, black metal case<br \/>\n\u2022 Mounting holes mounted on the case<br \/>\n\u2022 Over-labeled Input \/ Output connectors and OSD control buttons<br \/>\n\u2022 12VDC \/ 1A led input socket<br \/>\n\u2022 5 pin BNC veya 9 pin VGA D-sub giri\u015f ba\u011flanti soketi.(3,6,7,9,14,20,24 ve 25 pin aray\u00fcz \u00e7\u0131k\u0131\u015f\u0131)<br \/>\n\u2022 RGB giri\u015f sinyalini B\u00f6l\u00fcnm\u00fc\u015f Sync(RGBHV) ,Kombine Sync (RGBH+V), Sync on Green (SoG\/RGsB\/RGBs) ve YUV (YPbPr) sinyallerine \u00e7evrilmesi<br \/>\n\u2022 Ready LCD panel with VGA output<br \/>\n\u2022 12kHz den 40kHz Horizontal frekanslar\u0131n\u0131 destekler (MDA\/CGA\/EGA\/RGB\/RGB Sog\/RGBS\/RGBHV\/VGA\/YUV)<br \/>\n\u2022 Unlimited Vertical frequency support<br \/>\n\u2022 Otomatik olarak tarama sinyal frekans\u0131n\u0131 alg\u0131lar<br \/>\n\u2022 Giri\u015f diren\u00e7lerinin se\u00e7ilmesi (75ohm, 750ohm)<br \/>\n\u2022 Dijital ve Analog video sinyallerini destekler (0.5-1.0v analog; TTL 3.5v digital)<br \/>\n\u2022 Progressive ve Interlaced tarama deste\u011fi<br \/>\n\u2022 Ba\u011flant\u0131 giri\u015flerini yapmadan ayar men\u00fcs\u00fcne ula\u015f\u0131m<br \/>\n\u2022 Kapama anahtar\u0131na bas\u0131ld\u0131\u011f\u0131nda son yap\u0131lan ayarlar\u0131n kay\u0131t edilmesi<br \/>\n\u2022 800*600 \/ 60Hz\u00a0 standart \u00e7\u0131k\u0131\u015f \u00e7\u00f6z\u00fcn\u00fcrl\u00fc\u011f\u00fc<\/p>\n<p><strong>Fanuc<\/strong><br \/>\nFanuc A61L-0001-0073 CNC Monitor Fanuc A61L-0001-0076 CNC Monitor Fanuc A61L-0001-0088 CNC Monitor<br \/>\nFanuc A61L-0001-0072 CNC Monitor Fanuc A61L-0001-0077 CNC Monitor Fanuc A61L-0001-0090 CNC Monitor<br \/>\nFanuc A61L-0001-0074 CNC Monitor Fanuc A61L-0001-0078 CNC Monitor Fanuc A61L-0001-0091 CNC Monitor<br \/>\nFanuc A61L-0001-0074 CNC Monitor Fanuc A61L-0001-0087 CNC Monitor Fanuc A61L-0001-0092 CNC Monitor<br \/>\nFanuc A61L-0001-0093 CNC Monitor Fanuc A61L-0001-0094a CNC Monitor Fanuc A61L-0001-0093A CNC Monitor<br \/>\nFanuc A61L-0001-0095 CNC Monitor Fanuc A61L-0001-0093S CNC Monitor Fanuc A61L-0001-0096 CNC Monitor<br \/>\nFanuc A61L-0001-0094 CNC Monitor.<\/p>\n<p><strong>Mitsubishi<\/strong><br \/>\nMitsubishi C-3240LP CNC Monitor Mitsubishi CDT14111B CNC Monitor Mitsubishi MDT947B-1A CNC Monitor<br \/>\nMitsubishi C-3470 CNC Monitor Mitsubishi CDT14148B CNC Monitor Mitsubishi MDT947B-2B CNC Monitor<br \/>\nMitsubishi C-5470NS CNC Monitor Mitsubishi MDT962B-1A CNC Monitor Mitsubishi C-5470YE CNC Monitor<br \/>\nMitsubishi MDT947B CNC Monitor Mitsubishi MDT1283B CNC Monitor Mitsubishi MDT1216 CNC Monitor<\/p>\n<p><strong>SIEMENS<\/strong><br \/>\nSIEMENS 6FC3988-7AF01 CRT Monitor\u00a0 Siemens 579417TA CNC Monitor Siemens 6FC4600-0AR50 CNC Monitor<br \/>\nSiemens 576736TA CNC Monitor Siemens 6FC3988-7AF01 CNC Monitor Siemens 6FC5103-0AB01 CNC Monitor<br \/>\nSiemens 576744TA CNC Monitor Siemens 6FC4600-0AR04 CNC Monitor Siemens QDM-9WD-110 CNC Monitor<br \/>\nSiemens 576745TA CNC Monitor Siemens 6FC4600-0AR10 CNC Monitor Siemens QDM-9WD-121 CNC Monitor<br \/>\nSiemens SC1200 CNC Monitor Siemens SM0901 CNC Monitor Siemens 6FC3988-7AF01 6FC4600-0AR04<br \/>\n6FC4600-0AR50 6FC5103-0AB01 QDM-9WD-110 QDM-9WD-120 QDM-9WD-121 SC-1200 SM0901 576744TA 576745TA<\/p>\n<p><strong>Mazak <\/strong><br \/>\nMazak 26S-14O19L CNC Monitor Mazak CD1472-D1M CNC Monitor Mazak MDT962B CNC Monitor<br \/>\nMazak AIQA 8DSP40 CNC Monitor Mazak CDT-14148B CNC Monitor Mazak MDT925PS CNC Monitor<br \/>\nMazak C-3240 CNC Monitor Mazak DR-5614 CNC Monitor Mazak ME-12PDB CNC Monitor<br \/>\nMazak C-3470 CNC Monitor Mazak MDT1216 CNC Monitor Mazak TR120S9C CNC Monitor<br \/>\nMazak C-5470 CNC Monitor Mazak MDT1283 CNC Monitor Mazak ME-12RDB CNC Monitor<\/p>\n<p><strong>Fanuc <\/strong><br \/>\nA61L-0001-0072 A61L-0001-0074 A61L-0001-0076 A61L-0001-0077 A61L-0001-0078 A61L-0001-0079<br \/>\nA61L-0001-0086 A61L-0001-0087 A61L-0001-0090 A61L-0001-0092 A61L-0001-0093 A61L-0001-0094<br \/>\nA61L-0001-0095 A61L-0001-0096<\/p>\n<p><strong>Mitsubishi <\/strong><br \/>\nC-3240LP C3470 C-5470NS CDT14111B CDT14148B MDT1283B-2A MDT1216 MDT947 MDT947B MDT947B-1A<br \/>\nMDT947B-2B MDT962B-1A<\/p>\n<p><strong>Hitachi <\/strong><br \/>\nC14C-1472DF C14C-1472D1F C-5470YE CD1472D1M CD1472D1M-2 CDT14111B CDT14111B-8A TX1424AD<br \/>\nC14C-1472DFA TX1425B TX1450A TX1450AE<\/p>\n<p><strong>Toshiba <\/strong><br \/>\nD9CM-01AD9MM-11A D9MR-10A D9MR-51B D14CM-01A D14CM-06A D15CM-04A D15CM-06A<\/p>\n<p><strong>GE <\/strong><br \/>\n44A717111 44A719977 44A719978 44A719979<\/p>\n<p><strong>Matsushita <\/strong><br \/>\nKF-M7099H TR-9DD1B TR-9DK1 TR-9DK1A TR-9DK1B TR-9DKYC TR-9K1B TX-901AB TR-120S9C TX-1204 TX-1204AC<br \/>\nTX-1208AA TX-1404 TX-1404AB TX-1424 TX-1424AB TX-1424AD TX-1425B TX-1450AB TX-1450ABA TX-1450AB5 TX-1450AE special.<\/p>\n<p><strong>Mazak <\/strong><br \/>\nC-3240 C-3470 C-5470 8DSP40 26S14O19L CD1472D1M CDT-14148B MDT1283-B MDT925PS MDT962B ME12-PDB HM12-PDB<\/p>\n<p><strong>Heidenhain <\/strong><br \/>\nBC110B BC120 BE211 BE411<\/p>\n<p><strong>Tatung <\/strong><br \/>\nCD14 CD14JBS CD14JDS<\/p>\n<p><strong>Totoku <\/strong><br \/>\nMDT947B-1A MDT947B-2B MDT947B-3A MDT947B-3B MDT1283B<\/p>\n<p><strong>Magnetek <\/strong><br \/>\n1051091000 14531400102 14531400107 576744TA 576745TA 579417TA<\/p>\n<\/div><\/section><\/p><\/div>\n","protected":false},"excerpt":{"rendered":"","protected":false},"author":1,"featured_media":0,"parent":0,"menu_order":0,"comment_status":"open","ping_status":"open","template":"","meta":[],"_links":{"self":[{"href":"http:\/\/berkelektronik.net\/en\/wp-json\/wp\/v2\/pages\/1232"}],"collection":[{"href":"http:\/\/berkelektronik.net\/en\/wp-json\/wp\/v2\/pages"}],"about":[{"href":"http:\/\/berkelektronik.net\/en\/wp-json\/wp\/v2\/types\/page"}],"author":[{"embeddable":true,"href":"http:\/\/berkelektronik.net\/en\/wp-json\/wp\/v2\/users\/1"}],"replies":[{"embeddable":true,"href":"http:\/\/berkelektronik.net\/en\/wp-json\/wp\/v2\/comments?post=1232"}],"version-history":[{"count":3,"href":"http:\/\/berkelektronik.net\/en\/wp-json\/wp\/v2\/pages\/1232\/revisions"}],"predecessor-version":[{"id":1251,"href":"http:\/\/berkelektronik.net\/en\/wp-json\/wp\/v2\/pages\/1232\/revisions\/1251"}],"wp:attachment":[{"href":"http:\/\/berkelektronik.net\/en\/wp-json\/wp\/v2\/media?parent=1232"}],"curies":[{"name":"wp","href":"https:\/\/api.w.org\/{rel}","templated":true}]}}