{"id":1211,"date":"2016-05-30T18:59:49","date_gmt":"2016-05-30T15:59:49","guid":{"rendered":"http:\/\/berkelektronik.net\/en\/cnc-tamir-merkezi\/"},"modified":"2021-06-01T14:57:29","modified_gmt":"2021-06-01T11:57:29","slug":"cnc-tamir-merkezi","status":"publish","type":"page","link":"http:\/\/berkelektronik.net\/en\/cnc-tamir-merkezi\/","title":{"rendered":"CNC TAM\u0130R MERKEZ\u0130"},"content":{"rendered":"<div class=\"flex_column av_one_full  flex_column_div first  \" ><div style='padding-bottom:10px;' class='av-special-heading av-special-heading-h3     '><h3 class='av-special-heading-tag '  itemprop=\"headline\"  >CNC Tezgah Kontrol Sistemleri Tamiri<\/h3><div class='special-heading-border'><div class='special-heading-inner-border' ><\/div><\/div><\/div><\/div>\n<div class=\"flex_column av_three_fifth  flex_column_div first  \" ><section class=\"av_textblock_section \"  itemscope=\"itemscope\" itemtype=\"https:\/\/schema.org\/CreativeWork\" ><div class='avia_textblock  '   itemprop=\"text\" ><p>Berk Elektronik olarak,\u00a0Fanuc, Mitsubishi, Siemens, Heidenhain, Syntec, LNC, Mazak, Okuma, Yaskawa, Indramat, Fadal, Hurco, Matsura ve Amada Punch marka\u00a0Cnc tezg\u00e2hlara ait elektronik kartlar, motor s\u00fcr\u00fcc\u00fcleri giri\u015f \u00e7\u0131k\u0131\u015f kartlar\u0131n\u0131n tamiri ve bak\u0131mlar\u0131 teknik servisimizde yap\u0131lmaktad\u0131r.<\/p>\n<p>T\u00fcm markalar\u0131n\u00a0onar\u0131mlar\u0131, konusunda uzman ekibimiz taraf\u0131ndan en g\u00fcncel\u00a0teknolojik imkanlar kullan\u0131larak en \u00fcst d\u00fczeyde\u00a0bak\u0131m ve onar\u0131m prensibi ile ger\u00e7ekle\u015ftirilmektedir.<\/p>\n<p>T\u00fcm marka\u00a0tamiratlar\u0131nda Berk Elektronik\u2019e g\u00fcvenebilirsiniz. Berk Elektronik b\u00fcnyesinde, t\u00fcm markalar\u0131n\u00a0tamiratlar\u0131 konusunda uzman bir ekip, son teknoloji test cihazlar\u0131 ve yedek par\u00e7alar\u0131 bulunmaktad\u0131r.<\/p>\n<p>Tamirat\u0131 yap\u0131lan \u00fcr\u00fcnler, b\u00fcnyemizde bulunan\u00a0test sim\u00fclat\u00f6rinde testleri yap\u0131larak \u00e7al\u0131\u015f\u0131r halde teslim\u00a0edilmektedir.<\/p>\n<p>Ger\u00e7ekle\u015ftirdi\u011fimiz t\u00fcm tamirler 6 ay garantilidir.<\/p>\n<\/div><\/section><\/div>\n<div class=\"flex_column av_two_fifth  flex_column_div av-zero-column-padding   \" style='border-radius:0px; '><section class=\"av_textblock_section \"  itemscope=\"itemscope\" itemtype=\"https:\/\/schema.org\/CreativeWork\" ><div class='avia_textblock  '   itemprop=\"text\" ><p><img decoding=\"async\" loading=\"lazy\" class=\"aligncenter size-full wp-image-980\" src=\"http:\/\/berkelektronik.net\/wp-content\/uploads\/2016\/05\/berk-cnc-tamir.jpg\" alt=\"berk-cnc-tamir\" width=\"275\" height=\"123\" \/><\/p>\n<\/div><\/section><\/div>\n<div class=\"flex_column av_one_full  flex_column_div first  \" ><div id='av-masonry-1' class='av-masonry  noHover av-flex-size av-large-gap av-hover-overlay- av-masonry-col-6 av-caption-always av-caption-style- av-masonry-gallery     '  ><div class='av-masonry-container isotope av-js-disabled ' ><div class='av-masonry-entry isotope-item av-masonry-item-no-image '><\/div><div id='av-masonry-1-item-62' data-av-masonry-item='62' class='av-masonry-entry isotope-item post-62 attachment type-attachment status-inherit hentry  av-masonry-item-with-image'   itemprop=\"thumbnailUrl\" ><div class='av-inner-masonry-sizer'><\/div><figure class='av-inner-masonry main_color'><div class=\"av-masonry-outerimage-container\"><div class=\"av-masonry-image-container\" style=\"background-image: url(http:\/\/berkelektronik.net\/wp-content\/uploads\/2016\/04\/mitsubishi-logo.jpg);\"><img src=\"http:\/\/berkelektronik.net\/wp-content\/uploads\/2016\/04\/mitsubishi-logo.jpg\" title=\"mitsubishi-logo\" alt=\"\" \/><\/div><\/div><\/figure><\/div><!--end av-masonry entry--><div id='av-masonry-1-item-64' data-av-masonry-item='64' class='av-masonry-entry isotope-item post-64 attachment type-attachment status-inherit hentry  av-masonry-item-with-image'   itemprop=\"thumbnailUrl\" ><div class='av-inner-masonry-sizer'><\/div><figure class='av-inner-masonry main_color'><div class=\"av-masonry-outerimage-container\"><div class=\"av-masonry-image-container\" style=\"background-image: url(http:\/\/berkelektronik.net\/wp-content\/uploads\/2016\/04\/siemens-logo.jpg);\"><img src=\"http:\/\/berkelektronik.net\/wp-content\/uploads\/2016\/04\/siemens-logo.jpg\" title=\"siemens-logo\" alt=\"\" \/><\/div><\/div><\/figure><\/div><!--end av-masonry entry--><div id='av-masonry-1-item-61' data-av-masonry-item='61' class='av-masonry-entry isotope-item post-61 attachment type-attachment status-inherit hentry  av-masonry-item-with-image'   itemprop=\"thumbnailUrl\" ><div class='av-inner-masonry-sizer'><\/div><figure class='av-inner-masonry main_color'><div class=\"av-masonry-outerimage-container\"><div class=\"av-masonry-image-container\" style=\"background-image: url(http:\/\/berkelektronik.net\/wp-content\/uploads\/2016\/04\/mazak-logo.jpg);\"><img src=\"http:\/\/berkelektronik.net\/wp-content\/uploads\/2016\/04\/mazak-logo.jpg\" title=\"mazak-logo\" alt=\"\" \/><\/div><\/div><\/figure><\/div><!--end av-masonry entry--><div id='av-masonry-1-item-59' data-av-masonry-item='59' class='av-masonry-entry isotope-item post-59 attachment type-attachment status-inherit hentry  av-masonry-item-with-image'   itemprop=\"thumbnailUrl\" ><div class='av-inner-masonry-sizer'><\/div><figure class='av-inner-masonry main_color'><div class=\"av-masonry-outerimage-container\"><div class=\"av-masonry-image-container\" style=\"background-image: url(http:\/\/berkelektronik.net\/wp-content\/uploads\/2016\/04\/indramat-logo.jpg);\"><img src=\"http:\/\/berkelektronik.net\/wp-content\/uploads\/2016\/04\/indramat-logo.jpg\" title=\"indramat-logo\" alt=\"\" \/><\/div><\/div><\/figure><\/div><!--end av-masonry entry--><div id='av-masonry-1-item-63' data-av-masonry-item='63' class='av-masonry-entry isotope-item post-63 attachment type-attachment status-inherit hentry  av-masonry-item-with-image'   itemprop=\"thumbnailUrl\" ><div class='av-inner-masonry-sizer'><\/div><figure class='av-inner-masonry main_color'><div class=\"av-masonry-outerimage-container\"><div class=\"av-masonry-image-container\" style=\"background-image: url(http:\/\/berkelektronik.net\/wp-content\/uploads\/2016\/04\/okuma-logo.jpg);\"><img src=\"http:\/\/berkelektronik.net\/wp-content\/uploads\/2016\/04\/okuma-logo.jpg\" title=\"okuma-logo\" alt=\"\" \/><\/div><\/div><\/figure><\/div><!--end av-masonry entry--><div id='av-masonry-1-item-65' data-av-masonry-item='65' class='av-masonry-entry isotope-item post-65 attachment type-attachment status-inherit hentry  av-masonry-item-with-image'   itemprop=\"thumbnailUrl\" ><div class='av-inner-masonry-sizer'><\/div><figure class='av-inner-masonry main_color'><div class=\"av-masonry-outerimage-container\"><div class=\"av-masonry-image-container\" style=\"background-image: url(http:\/\/berkelektronik.net\/wp-content\/uploads\/2016\/04\/yaskawa-logo.jpg);\"><img src=\"http:\/\/berkelektronik.net\/wp-content\/uploads\/2016\/04\/yaskawa-logo.jpg\" title=\"yaskawa-logo\" alt=\"\" \/><\/div><\/div><\/figure><\/div><!--end av-masonry entry--><div id='av-masonry-1-item-58' data-av-masonry-item='58' class='av-masonry-entry isotope-item post-58 attachment type-attachment status-inherit hentry  av-masonry-item-with-image'   itemprop=\"thumbnailUrl\" ><div class='av-inner-masonry-sizer'><\/div><figure class='av-inner-masonry main_color'><div class=\"av-masonry-outerimage-container\"><div class=\"av-masonry-image-container\" style=\"background-image: url(http:\/\/berkelektronik.net\/wp-content\/uploads\/2016\/04\/heidenhain-logo.jpg);\"><img src=\"http:\/\/berkelektronik.net\/wp-content\/uploads\/2016\/04\/heidenhain-logo.jpg\" title=\"heidenhain-logo\" alt=\"\" \/><\/div><\/div><\/figure><\/div><!--end av-masonry entry--><div id='av-masonry-1-item-1024' data-av-masonry-item='1024' class='av-masonry-entry isotope-item post-1024 attachment type-attachment status-inherit hentry  av-masonry-item-with-image'   itemprop=\"thumbnailUrl\" ><div class='av-inner-masonry-sizer'><\/div><figure class='av-inner-masonry main_color'><div class=\"av-masonry-outerimage-container\"><div class=\"av-masonry-image-container\" style=\"background-image: url(http:\/\/berkelektronik.net\/wp-content\/uploads\/2016\/05\/amada-logo.png);\"><img src=\"http:\/\/berkelektronik.net\/wp-content\/uploads\/2016\/05\/amada-logo.png\" title=\"amada-logo\" alt=\"\" \/><\/div><\/div><\/figure><\/div><!--end av-masonry entry--><div id='av-masonry-1-item-1025' data-av-masonry-item='1025' class='av-masonry-entry isotope-item post-1025 attachment type-attachment status-inherit hentry  av-masonry-item-with-image'   itemprop=\"thumbnailUrl\" ><div class='av-inner-masonry-sizer'><\/div><figure class='av-inner-masonry main_color'><div class=\"av-masonry-outerimage-container\"><div class=\"av-masonry-image-container\" style=\"background-image: url(http:\/\/berkelektronik.net\/wp-content\/uploads\/2016\/05\/fadal-logo.png);\"><img src=\"http:\/\/berkelektronik.net\/wp-content\/uploads\/2016\/05\/fadal-logo.png\" title=\"fadal-logo\" alt=\"\" \/><\/div><\/div><\/figure><\/div><!--end av-masonry entry--><div id='av-masonry-1-item-1026' data-av-masonry-item='1026' class='av-masonry-entry isotope-item post-1026 attachment type-attachment status-inherit hentry  av-masonry-item-with-image'   itemprop=\"thumbnailUrl\" ><div class='av-inner-masonry-sizer'><\/div><figure class='av-inner-masonry main_color'><div class=\"av-masonry-outerimage-container\"><div class=\"av-masonry-image-container\" style=\"background-image: url(http:\/\/berkelektronik.net\/wp-content\/uploads\/2016\/05\/hurco-logo.png);\"><img src=\"http:\/\/berkelektronik.net\/wp-content\/uploads\/2016\/05\/hurco-logo.png\" title=\"hurco-logo\" alt=\"\" \/><\/div><\/div><\/figure><\/div><!--end av-masonry entry--><\/div><\/div><\/div>\n","protected":false},"excerpt":{"rendered":"","protected":false},"author":1,"featured_media":0,"parent":0,"menu_order":0,"comment_status":"open","ping_status":"open","template":"","meta":[],"_links":{"self":[{"href":"http:\/\/berkelektronik.net\/en\/wp-json\/wp\/v2\/pages\/1211"}],"collection":[{"href":"http:\/\/berkelektronik.net\/en\/wp-json\/wp\/v2\/pages"}],"about":[{"href":"http:\/\/berkelektronik.net\/en\/wp-json\/wp\/v2\/types\/page"}],"author":[{"embeddable":true,"href":"http:\/\/berkelektronik.net\/en\/wp-json\/wp\/v2\/users\/1"}],"replies":[{"embeddable":true,"href":"http:\/\/berkelektronik.net\/en\/wp-json\/wp\/v2\/comments?post=1211"}],"version-history":[{"count":74,"href":"http:\/\/berkelektronik.net\/en\/wp-json\/wp\/v2\/pages\/1211\/revisions"}],"predecessor-version":[{"id":2333,"href":"http:\/\/berkelektronik.net\/en\/wp-json\/wp\/v2\/pages\/1211\/revisions\/2333"}],"wp:attachment":[{"href":"http:\/\/berkelektronik.net\/en\/wp-json\/wp\/v2\/media?parent=1211"}],"curies":[{"name":"wp","href":"https:\/\/api.w.org\/{rel}","templated":true}]}}