{"id":1197,"date":"2016-04-19T15:18:07","date_gmt":"2016-04-19T12:18:07","guid":{"rendered":"http:\/\/berkelektronik.net\/en\/yedek-parca\/"},"modified":"2026-04-24T16:08:02","modified_gmt":"2026-04-24T13:08:02","slug":"yedek-parca-2","status":"publish","type":"page","link":"http:\/\/berkelektronik.net\/en\/yedek-parca-2\/","title":{"rendered":"YEDEK PAR\u00c7A"},"content":{"rendered":"<div style='padding-bottom:10px;' class='av-special-heading av-special-heading-h4    '><h4 class='av-special-heading-tag '  itemprop=\"headline\"  >Sayfam\u0131z yenilenmektedir.<\/h4><div class='special-heading-border'><div class='special-heading-inner-border' ><\/div><\/div><\/div>\n<div class='avia-image-container avia_animated_image avia_animate_when_almost_visible pop-up av-styling-circle    avia-align-center '  itemprop=\"ImageObject\" itemscope=\"itemscope\" itemtype=\"https:\/\/schema.org\/ImageObject\"  ><div class='avia-image-container-inner'><a href='https:\/\/api.whatsapp.com\/send?phone=905327363135&amp;text=Merhaba, g\u00fcncel stok bilgisi almak icin yaz\u0131yorum&amp;source=&amp;data=&amp;app_absent=' class='avia_image'   target=\"_blank\" ><img class='avia_image ' src='http:\/\/berkelektronik.net\/wp-content\/uploads\/2017\/06\/help_icons_getintouch_grey.png' alt='' title='help_icons_getintouch_grey'  itemprop=\"thumbnailUrl\"  \/><\/a><\/div><\/div>\n<section class=\"av_textblock_section \"  itemscope=\"itemscope\" itemtype=\"https:\/\/schema.org\/CreativeWork\" ><div class='avia_textblock  av_inherit_color '  style='font-size:14px; color:#9e9e9e; '  itemprop=\"text\" ><p>G\u00fcncel stok bilgisi i\u00e7in l\u00fctfen bizimle ileti\u015fime ge\u00e7in.<\/p>\n<\/div><\/section>\n<\/div><\/div><\/div><!-- close content main div --><\/div><\/div><div class='clear'><\/div><div id='sub_menu1' class='av-submenu-container main_color  av-sticky-submenu container_wrap sidebar_right'   style='z-index:301'><div class='container av-menu-mobile-disabled '><ul id=\"menu-menueng2\" class=\"av-subnav-menu av-submenu-pos-center\"><li id=\"menu-item-2242\" class=\"menu-item menu-item-type-post_type menu-item-object-page menu-item-home menu-item-top-level menu-item-top-level-1\"><a href=\"http:\/\/berkelektronik.net\/en\/\" itemprop=\"url\"><span class=\"avia-bullet\"><\/span><span class=\"avia-menu-text\">ABOUT US<\/span><span class=\"avia-menu-fx\"><span class=\"avia-arrow-wrap\"><span class=\"avia-arrow\"><\/span><\/span><\/span><\/a><\/li>\n<li id=\"menu-item-2239\" class=\"menu-item menu-item-type-post_type menu-item-object-page menu-item-top-level menu-item-top-level-2\"><a href=\"http:\/\/berkelektronik.net\/en\/test-systems\/\" itemprop=\"url\"><span class=\"avia-bullet\"><\/span><span class=\"avia-menu-text\">TEST SYSTEMS<\/span><span class=\"avia-menu-fx\"><span class=\"avia-arrow-wrap\"><span class=\"avia-arrow\"><\/span><\/span><\/span><\/a><\/li>\n<li id=\"menu-item-2241\" class=\"menu-item menu-item-type-post_type menu-item-object-page menu-item-top-level menu-item-top-level-3\"><a href=\"http:\/\/berkelektronik.net\/en\/contact\/\" itemprop=\"url\"><span class=\"avia-bullet\"><\/span><span class=\"avia-menu-text\">CONTACT US<\/span><span class=\"avia-menu-fx\"><span class=\"avia-arrow-wrap\"><span class=\"avia-arrow\"><\/span><\/span><\/span><\/a><\/li>\n<li id=\"menu-item-2268\" class=\"menu-item menu-item-type-post_type menu-item-object-page menu-item-top-level menu-item-top-level-4\"><a title=\" \u2083\u2086\u2080\" href=\"http:\/\/berkelektronik.net\/en\/berk-web-assistant\/\" itemprop=\"url\"><span class=\"avia-bullet\"><\/span><span class=\"avia-menu-text\">\u24d1\u24d4\u24e1\u24da support\u2083\u2086\u2080<\/span><span class=\"avia-menu-fx\"><span class=\"avia-arrow-wrap\"><span class=\"avia-arrow\"><\/span><\/span><\/span><\/a><\/li>\n<\/ul><\/div><\/div><div class='sticky_placeholder'><\/div>\n","protected":false},"excerpt":{"rendered":"","protected":false},"author":1,"featured_media":0,"parent":0,"menu_order":0,"comment_status":"open","ping_status":"open","template":"","meta":[],"_links":{"self":[{"href":"http:\/\/berkelektronik.net\/en\/wp-json\/wp\/v2\/pages\/1197"}],"collection":[{"href":"http:\/\/berkelektronik.net\/en\/wp-json\/wp\/v2\/pages"}],"about":[{"href":"http:\/\/berkelektronik.net\/en\/wp-json\/wp\/v2\/types\/page"}],"author":[{"embeddable":true,"href":"http:\/\/berkelektronik.net\/en\/wp-json\/wp\/v2\/users\/1"}],"replies":[{"embeddable":true,"href":"http:\/\/berkelektronik.net\/en\/wp-json\/wp\/v2\/comments?post=1197"}],"version-history":[{"count":31,"href":"http:\/\/berkelektronik.net\/en\/wp-json\/wp\/v2\/pages\/1197\/revisions"}],"predecessor-version":[{"id":2406,"href":"http:\/\/berkelektronik.net\/en\/wp-json\/wp\/v2\/pages\/1197\/revisions\/2406"}],"wp:attachment":[{"href":"http:\/\/berkelektronik.net\/en\/wp-json\/wp\/v2\/media?parent=1197"}],"curies":[{"name":"wp","href":"https:\/\/api.w.org\/{rel}","templated":true}]}}