{"id":1185,"date":"2016-04-19T13:32:52","date_gmt":"2016-04-19T10:32:52","guid":{"rendered":"http:\/\/berkelektronik.net\/en\/hakkimizda\/"},"modified":"2021-06-01T14:56:29","modified_gmt":"2021-06-01T11:56:29","slug":"hakkimizda","status":"publish","type":"page","link":"http:\/\/berkelektronik.net\/en\/","title":{"rendered":"HAKKIMIZDA"},"content":{"rendered":"<div class=\"flex_column av_two_third  flex_column_div first  \" ><p><section class=\"av_textblock_section \"  itemscope=\"itemscope\" itemtype=\"https:\/\/schema.org\/CreativeWork\" ><div class='avia_textblock  '   itemprop=\"text\" ><p><strong>Firmam\u0131z 20\u00a0y\u0131l\u0131 a\u015fk\u0131n bir s\u00fcredir\u00a0End\u00fcstriyel Otomasyon Cihazlar\u0131n\u0131n Onar\u0131m\u0131, Yedek Par\u00e7a ve Servis konular\u0131nda hizmet vermektedir.<\/strong><\/p>\n<p><strong>Berk Elektronik olarak, elektronik kart tamiri, Fanuc elektronik kart sistemleri tamiri, CNC makinalar\u0131, \u00e7orap ve tekstil makinalar\u0131, matbaa ve ambalaj makinalar\u0131, PLC cihazlar\u0131, servo motor s\u00fcr\u00fcc\u00fcleri, i\u015f makinalar\u0131 ile forkliftlerin tamiri ve bak\u0131m\u0131 konular\u0131nda\u00a0\u00e7\u00f6z\u00fcm \u00fcretmekteyiz.<\/strong><\/p>\n<p><strong>Ayr\u0131ca teknik servis ekibimiz, Fanuc, ABB ve Kuka marka robotlar\u0131n, g\u00fc\u00e7 kontrol kartlar\u0131, eksen kartlar\u0131, kontrol paneli, kumanda paneli, elektronik kartlar\u0131 ve servo driver\u00a0\u00fcnitelerinin bak\u0131m ve tamiri konular\u0131nda da hizmet vermektedir.<\/strong><\/p>\n<p><strong>T\u00fcm i\u015flemler, konusunda\u00a0uzman kadromuzla en yeni ve teknolojik cihazlar\u0131m\u0131zla garantili olarak yap\u0131lmaktad\u0131r.<\/strong><\/p>\n<\/div><\/section><br \/>\n<div style='height:30px' class='hr hr-invisible  '><span class='hr-inner ' ><span class='hr-inner-style'><\/span><\/span><\/div><br \/>\n<div  data-autoplay='true'  data-interval='5'  data-animation='slide'  class='avia-logo-element-container  avia-logo-slider avia-content-slider avia-smallarrow-slider avia-content-slider-active noHover avia-content-slider1 avia-content-slider-even  ' ><div class='avia-smallarrow-slider-heading '><div class='new-special-heading'><h3>Hizmet Verdi\u011fimiz Markalar<\/h3><\/div><div class='avia-slideshow-arrows avia-slideshow-controls'><a href='#prev' class='prev-slide' aria-hidden='true' data-av_icon='\ue87c' data-av_iconfont='entypo-fontello'>Previous<\/a><a href='#next' class='next-slide' aria-hidden='true' data-av_icon='\ue87d' data-av_iconfont='entypo-fontello'>Next<\/a><\/div><\/div><div class='avia-content-slider-inner'><div class='slide-entry-wrap'  itemprop=\"ImageObject\" itemscope=\"itemscope\" itemtype=\"https:\/\/schema.org\/ImageObject\" ><div  class='slide-entry flex_column no_margin post-entry slide-entry-overview slide-loop-1 slide-parity-odd  av_one_sixth first real-thumbnail'><img  itemprop=\"thumbnailUrl\"  width=\"300\" height=\"120\" src=\"http:\/\/berkelektronik.net\/wp-content\/uploads\/2016\/04\/mitsubishi-logo.jpg\" class=\"attachment-no scaling size-no scaling\" alt=\"\" decoding=\"async\" loading=\"lazy\" \/><\/div><div  class='slide-entry flex_column no_margin post-entry slide-entry-overview slide-loop-2 slide-parity-even  av_one_sixth  real-thumbnail'><img  itemprop=\"thumbnailUrl\"  width=\"300\" height=\"120\" src=\"http:\/\/berkelektronik.net\/wp-content\/uploads\/2016\/04\/siemens-logo.jpg\" class=\"attachment-no scaling size-no scaling\" alt=\"\" decoding=\"async\" loading=\"lazy\" \/><\/div><div  class='slide-entry flex_column no_margin post-entry slide-entry-overview slide-loop-3 slide-parity-odd  av_one_sixth  real-thumbnail'><img  itemprop=\"thumbnailUrl\"  width=\"300\" height=\"120\" src=\"http:\/\/berkelektronik.net\/wp-content\/uploads\/2016\/04\/mazak-logo.jpg\" class=\"attachment-no scaling size-no scaling\" alt=\"\" decoding=\"async\" loading=\"lazy\" \/><\/div><div  class='slide-entry flex_column no_margin post-entry slide-entry-overview slide-loop-4 slide-parity-even  av_one_sixth  real-thumbnail'><img  itemprop=\"thumbnailUrl\"  width=\"300\" height=\"120\" src=\"http:\/\/berkelektronik.net\/wp-content\/uploads\/2016\/04\/charmilles-logo.jpg\" class=\"attachment-no scaling size-no scaling\" alt=\"\" decoding=\"async\" loading=\"lazy\" \/><\/div><div  class='slide-entry flex_column no_margin post-entry slide-entry-overview slide-loop-5 slide-parity-odd  av_one_sixth  real-thumbnail'><img  itemprop=\"thumbnailUrl\"  width=\"300\" height=\"120\" src=\"http:\/\/berkelektronik.net\/wp-content\/uploads\/2016\/04\/okuma-logo.jpg\" class=\"attachment-no scaling size-no scaling\" alt=\"\" decoding=\"async\" loading=\"lazy\" \/><\/div><div  class='slide-entry flex_column no_margin post-entry slide-entry-overview slide-loop-6 slide-parity-even  av_one_sixth  real-thumbnail'><img  itemprop=\"thumbnailUrl\"  width=\"300\" height=\"120\" src=\"http:\/\/berkelektronik.net\/wp-content\/uploads\/2016\/04\/makino-logo.jpg\" class=\"attachment-no scaling size-no scaling\" alt=\"\" decoding=\"async\" loading=\"lazy\" \/><\/div><\/div><div class='slide-entry-wrap'  itemprop=\"ImageObject\" itemscope=\"itemscope\" itemtype=\"https:\/\/schema.org\/ImageObject\" ><div  class='slide-entry flex_column no_margin post-entry slide-entry-overview slide-loop-7 slide-parity-odd  av_one_sixth first real-thumbnail'><img  itemprop=\"thumbnailUrl\"  width=\"300\" height=\"120\" src=\"http:\/\/berkelektronik.net\/wp-content\/uploads\/2016\/04\/baumuller-logo.jpg\" class=\"attachment-no scaling size-no scaling\" alt=\"\" decoding=\"async\" loading=\"lazy\" \/><\/div><div  class='slide-entry flex_column no_margin post-entry slide-entry-overview slide-loop-8 slide-parity-even  av_one_sixth  real-thumbnail'><img  itemprop=\"thumbnailUrl\"  width=\"300\" height=\"120\" src=\"http:\/\/berkelektronik.net\/wp-content\/uploads\/2016\/04\/kuka-logo.png\" class=\"attachment-no scaling size-no scaling\" alt=\"\" decoding=\"async\" loading=\"lazy\" \/><\/div><div  class='slide-entry flex_column no_margin post-entry slide-entry-overview slide-loop-9 slide-parity-odd  av_one_sixth  real-thumbnail'><img  itemprop=\"thumbnailUrl\"  width=\"300\" height=\"120\" src=\"http:\/\/berkelektronik.net\/wp-content\/uploads\/2016\/04\/abb-logo.png\" class=\"attachment-no scaling size-no scaling\" alt=\"\" decoding=\"async\" loading=\"lazy\" \/><\/div><div  class='slide-entry flex_column no_margin post-entry slide-entry-overview slide-loop-10 slide-parity-even  av_one_sixth  real-thumbnail'><img  itemprop=\"thumbnailUrl\"  width=\"300\" height=\"120\" src=\"http:\/\/berkelektronik.net\/wp-content\/uploads\/2016\/04\/chemer-logo.jpg\" class=\"attachment-no scaling size-no scaling\" alt=\"\" decoding=\"async\" loading=\"lazy\" \/><\/div><div  class='slide-entry flex_column no_margin post-entry slide-entry-overview slide-loop-11 slide-parity-odd  av_one_sixth  real-thumbnail'><img  itemprop=\"thumbnailUrl\"  width=\"300\" height=\"120\" src=\"http:\/\/berkelektronik.net\/wp-content\/uploads\/2016\/04\/heidenhain-logo.jpg\" class=\"attachment-no scaling size-no scaling\" alt=\"\" decoding=\"async\" loading=\"lazy\" \/><\/div><div  class='slide-entry flex_column no_margin post-entry slide-entry-overview slide-loop-12 slide-parity-even  av_one_sixth  real-thumbnail'><img  itemprop=\"thumbnailUrl\"  width=\"300\" height=\"120\" src=\"http:\/\/berkelektronik.net\/wp-content\/uploads\/2016\/04\/indramat-logo.jpg\" class=\"attachment-no scaling size-no scaling\" alt=\"\" decoding=\"async\" loading=\"lazy\" \/><\/div><\/div><div class='slide-entry-wrap'  itemprop=\"ImageObject\" itemscope=\"itemscope\" itemtype=\"https:\/\/schema.org\/ImageObject\" ><div  class='slide-entry flex_column no_margin post-entry slide-entry-overview slide-loop-13 slide-parity-odd  post-entry-last  av_one_sixth first real-thumbnail'><img  itemprop=\"thumbnailUrl\"  width=\"300\" height=\"120\" src=\"http:\/\/berkelektronik.net\/wp-content\/uploads\/2016\/04\/yaskawa-logo.jpg\" class=\"attachment-no scaling size-no scaling\" alt=\"\" decoding=\"async\" loading=\"lazy\" \/><\/div><\/div><\/div><\/div><\/p><\/div><div class=\"flex_column av_one_third  flex_column_div av-zero-column-padding   \" style='border-radius:0px; '><p><div class='avia-image-container  av-styling-no-styling    avia-align-center '  itemprop=\"ImageObject\" itemscope=\"itemscope\" itemtype=\"https:\/\/schema.org\/ImageObject\"  ><div class='avia-image-container-inner'><img class='avia_image ' src='http:\/\/berkelektronik.net\/wp-content\/uploads\/2016\/04\/fanuc-robot1-e1593597343439.jpg' alt='' title='fanuc-robot'   itemprop=\"thumbnailUrl\"  \/><\/div><\/div><br \/>\n<div class='avia-image-container  av-styling-no-styling    avia-align-center '  itemprop=\"ImageObject\" itemscope=\"itemscope\" itemtype=\"https:\/\/schema.org\/ImageObject\"  ><div class='avia-image-container-inner'><img class='avia_image ' src='http:\/\/berkelektronik.net\/wp-content\/uploads\/2016\/04\/hakkimizda-gorsel-31.jpg' alt='' title='hakkimizda-gorsel-3'   itemprop=\"thumbnailUrl\"  \/><\/div><\/div><\/p><\/div><\/p>\n<\/div><\/div><\/div><!-- close content main div --><\/div><\/div><div id='av_section_1' class='avia-section main_color avia-section-small avia-no-border-styling avia-bg-style-scroll   av-minimum-height av-minimum-height-custom container_wrap sidebar_right' style = 'background-color: #fed10d; '  ><div class='container' style='height:80px'><div class='template-page content  av-content-small alpha units'><div class='post-entry post-entry-type-page post-entry-1185'><div class='entry-content-wrapper clearfix'>\n<div style='padding-bottom:14px;' class='av-special-heading av-special-heading-h6    '><h6 class='av-special-heading-tag '  itemprop=\"headline\"  >Berk Elektronik I Kart Tamir Merkezi<\/h6><div class='special-heading-border'><div class='special-heading-inner-border' ><\/div><\/div><\/div>\n<\/div><\/div><\/div><!-- close content main div --><\/div><\/div><div id='after_section_1' class='main_color av_default_container_wrap container_wrap sidebar_right'   ><div class='container' ><div class='template-page content  av-content-small alpha units'><div class='post-entry post-entry-type-page post-entry-1185'><div class='entry-content-wrapper clearfix'>\n","protected":false},"excerpt":{"rendered":"","protected":false},"author":1,"featured_media":0,"parent":0,"menu_order":0,"comment_status":"open","ping_status":"open","template":"","meta":[],"_links":{"self":[{"href":"http:\/\/berkelektronik.net\/en\/wp-json\/wp\/v2\/pages\/1185"}],"collection":[{"href":"http:\/\/berkelektronik.net\/en\/wp-json\/wp\/v2\/pages"}],"about":[{"href":"http:\/\/berkelektronik.net\/en\/wp-json\/wp\/v2\/types\/page"}],"author":[{"embeddable":true,"href":"http:\/\/berkelektronik.net\/en\/wp-json\/wp\/v2\/users\/1"}],"replies":[{"embeddable":true,"href":"http:\/\/berkelektronik.net\/en\/wp-json\/wp\/v2\/comments?post=1185"}],"version-history":[{"count":93,"href":"http:\/\/berkelektronik.net\/en\/wp-json\/wp\/v2\/pages\/1185\/revisions"}],"predecessor-version":[{"id":2330,"href":"http:\/\/berkelektronik.net\/en\/wp-json\/wp\/v2\/pages\/1185\/revisions\/2330"}],"wp:attachment":[{"href":"http:\/\/berkelektronik.net\/en\/wp-json\/wp\/v2\/media?parent=1185"}],"curies":[{"name":"wp","href":"https:\/\/api.w.org\/{rel}","templated":true}]}}